{"id":28141,"date":"2022-09-04T23:14:49","date_gmt":"2022-09-04T20:14:49","guid":{"rendered":"https:\/\/daddydread.com\/versand-rueckversand\/"},"modified":"2025-12-28T18:57:47","modified_gmt":"2025-12-28T15:57:47","slug":"versand-rueckversand","status":"publish","type":"page","link":"https:\/\/daddydread.com\/de\/versand-rueckversand\/","title":{"rendered":"VERSAND \/ R\u00dcCKVERSAND"},"content":{"rendered":"<div class=\"wpb-content-wrapper\"><p>[vc_row][vc_column width=&#8220;1\/2&#8243;]\t\t<div id=\"wd-66150c017e7ec\" class=\"wd-text-block wd-wpb reset-last-child wd-rs-66150c017e7ec text-left \">\n\t\t\t<p>Wir liefern weltweit!<br \/>\nWir haben viele Sets Dreadlocks auf Lager. Der Versand erfolgt innerhalb von 1\u20133 Tagen nach Bezahlung der Ware.<\/p>\n<p>Sobald deine Bestellung versandt wird, senden wir dir die Tracking-Informationen an die E-Mail-Adresse, die du bei der Bestellung angegeben hast.<br \/>\nWenn Sie Fragen haben, <a href=\"https:\/\/daddydread.com\/de\/kontaktiere-uns\/\">kontaktieren Sie uns bitte<\/a>!<\/p>\n<p>Wir arbeiten mit Lieferdiensten wie DHL Express, Boxberry, USPS, UPS.<\/p>\n<p>Die Lieferzeiten sind in Werktagen angegeben.<\/p>\n<p>Europa 14\u201321 Tage.<\/p>\n<p>USA 5\u201310 Tage.<br \/>\nKanada 5\u201310 Tage.<\/p>\n<p><strong>Wenn das Produkt nicht auf Lager ist, dauert die Produktion 14 Tage.<\/strong><br \/>\nWenn Sie Fragen zur Lieferung haben, <a href=\"mailto:daniladaddydread@gmail.com\">mailen Sie uns bitte<\/a>.<\/p>\n<p>Die Zahlungsmethode.<br \/>\nSie k\u00f6nnen Zahlungen mit allen Kredit- und Debitkarten sowie mit Paypal vornehmen.<\/p>\n\t\t<\/div>\n\t\t[\/vc_column][vc_column width=&#8220;1\/4&#8243;]\t\t<div id=\"wd-631508a4d079c\" class=\"wd-image wd-wpb wd-rs-631508a4d079c text-left \">\n\t\t\t\n\t\t\t<img loading=\"lazy\" decoding=\"async\" width=\"350\" height=\"450\" src=\"https:\/\/daddydread.com\/wp-content\/uploads\/2017\/06\/delivery-01.jpg\" class=\"attachment-large size-large\" alt=\"\" srcset=\"https:\/\/daddydread.com\/wp-content\/uploads\/2017\/06\/delivery-01.jpg 350w, https:\/\/daddydread.com\/wp-content\/uploads\/2017\/06\/delivery-01-150x193.jpg 150w, https:\/\/daddydread.com\/wp-content\/uploads\/2017\/06\/delivery-01-233x300.jpg 233w\" sizes=\"auto, (max-width: 350px) 100vw, 350px\" \/>\n\t\t\t\t\t<\/div>\n\t\t[\/vc_column][vc_column width=&#8220;1\/4&#8243;]\t\t<div id=\"wd-63150878eb8da\" class=\"wd-image wd-wpb wd-rs-63150878eb8da text-left \">\n\t\t\t\n\t\t\t<img loading=\"lazy\" decoding=\"async\" width=\"350\" height=\"450\" src=\"https:\/\/daddydread.com\/wp-content\/uploads\/2017\/06\/delivery-02.jpg\" class=\"attachment-large size-large\" alt=\"\" srcset=\"https:\/\/daddydread.com\/wp-content\/uploads\/2017\/06\/delivery-02.jpg 350w, https:\/\/daddydread.com\/wp-content\/uploads\/2017\/06\/delivery-02-150x193.jpg 150w, https:\/\/daddydread.com\/wp-content\/uploads\/2017\/06\/delivery-02-233x300.jpg 233w\" sizes=\"auto, (max-width: 350px) 100vw, 350px\" \/>\n\t\t\t\t\t<\/div>\n\t\t[\/vc_column][\/vc_row][vc_row][vc_column][vc_column_text]<\/p>\n<h2>R\u00fcckgabe von Produkten<\/h2>\n<p>Sehr geehrte Kunden, wir freuen uns, Ihnen Hilfe bei der L\u00f6sung von Problemen mit den in unserem Online-Shop gekauften Waren anzubieten. Sie k\u00f6nnen eine Anfrage in einem kostenlosen Formular an unsere E-Mail (<a href=\"mailto:daniladaddydread@gmail.com\">daniladaddydread@gmail.com<\/a>) senden oder kontaktieren Sie uns per Telefon +7 (989) 775-21-35.<\/p>\n<h2>Frist f\u00fcr die R\u00fcckgabe der Ware<\/h2>\n<p>Der K\u00e4ufer hat das Recht, die Ware jederzeit vor der Lieferung der Ware und nach der Lieferung der Ware, innerhalb von 14 Tagen zur\u00fcckzugeben. Wenn der Artikel benutzt wurde, k\u00f6nnen wir keine R\u00fcckerstattung vornehmen, da dieser Artikel als K\u00f6rperpflegeprodukt eingestuft ist.<\/p>\n<p>Die R\u00fcckgabe erfolgt sowohl auf Wunsch des K\u00e4ufers als auch aufgrund eines Fehlers seitens Daddy Dreads (&#8222;Verk\u00e4ufer&#8220;).<\/p>\n<p>Gr\u00fcnde f\u00fcr die R\u00fccksendung von Waren seitens des K\u00e4ufers k\u00f6nnen folgende sein<\/p>\n<ul>\n<li>die Eigenschaften der erhaltenen Ware weichen von den Eigenschaften und der Beschreibung der Ware auf der Website ab;<\/li>\n<li>das Aussehen der erhaltenen Ware weicht von dem Foto der Ware auf der Website ab.<\/li>\n<\/ul>\n<p>Die R\u00fccksendung von Waren mit einwandfreier Qualit\u00e4t erfolgt auf Kosten des K\u00e4ufers und wird vom K\u00e4ufer selbst organisiert.<\/p>\n<h2>Gr\u00fcnde f\u00fcr R\u00fccksendungen aus Versehen Daddy Dreads:<\/h2>\n<ul>\n<li>Falsch geb\u00fcndelte Bestellung;<\/li>\n<li>Vorhandensein eines Defekts\/Bruchs.<\/li>\n<\/ul>\n<p>Wenn die Bestellung falsch geb\u00fcndelt ist oder einen Defekt aufweist, gehen die Kosten f\u00fcr die R\u00fccksendung zu Lasten des Verk\u00e4ufers. Die R\u00fcckerstattung an den K\u00e4ufer erfolgt innerhalb von 5-7 Werktagen.<\/p>\n<p>Bitte beachten Sie, dass die Waren nur im kompletten Set, mit allen Verpackungen und Aufklebern, in unbenutzter Form zur\u00fcckgenommen werden.<\/p>\n<p>Die R\u00fcckgabe der Ware erfolgt auf zwei Arten:<\/p>\n<ol>\n<li>R\u00fccksendung an den Ort der Auftragsabholung (Abholung);<\/li>\n<li>Versendung der Ware durch ein Transportunternehmen oder \u00dcbergabe der Ware an das Lager.<\/li>\n<\/ol>\n<p>Der K\u00e4ufer muss dem Verk\u00e4ufer einen Antrag auf R\u00fccksendung der Ware auf elektronischem Wege an die E-Mail-Adresse des Verk\u00e4ufers <a href=\"mailto:daniladaddydread@gmail.com\">daniladaddydread@gmail.com<\/a> \u00fcbermitteln. Der Antrag kann in jeder Form gestellt werden, mit der obligatorischen Angabe der Kontaktdaten des K\u00e4ufers, die mit denen \u00fcbereinstimmen, die bei der Bestellung der Ware angegeben wurden, der Bezeichnung der zur\u00fcckzusendenden Ware und der Gr\u00fcnde f\u00fcr die R\u00fcckgabe. Der K\u00e4ufer hat das Recht, alle Fragen an den Verk\u00e4ufer unter den im Abschnitt Kontakt angegebenen Telefonnummern zu stellen.<\/p>\n<h2>R\u00fcckerstattung von Geldern<\/h2>\n<p>Die R\u00fcckerstattung an den K\u00e4ufer durch den Verk\u00e4ufer erfolgt per Bank\u00fcberweisung.<\/p>\n<p>Die Art der R\u00fcckerstattung ist die gleiche wie die Art der Zahlung.<\/p>\n<p>F\u00fcr die R\u00fcckerstattung des Geldes auf die Bankkarte des K\u00e4ufers ist es notwendig, den &#8222;Antrag auf R\u00fcckerstattung&#8220; auszuf\u00fcllen, der auf Anfrage an die E-Mail-Adresse des K\u00e4ufers geschickt wird, und ihn zusammen mit einer Kopie des Reisepasses an die E-Mail-Adresse des Verk\u00e4ufers zu schicken: <a href=\"mailto:daniladaddydread@gmail.com\">daniladaddydread@gmail.com<\/a>.<\/p>\n<p>Die R\u00fcckerstattung erfolgt auf das im Antrag angegebene Bankkonto des K\u00e4ufers innerhalb von 5-7 Werktagen nach Eingang des &#8222;Antrags auf R\u00fcckerstattung&#8220; beim Verk\u00e4ufer.<\/p>\n<p>F\u00fcr die R\u00fcckerstattung von Geldern, die dem Girokonto des Verk\u00e4ufers irrt\u00fcmlich \u00fcber Zahlungssysteme gutgeschrieben wurden, muss der K\u00e4ufer einen schriftlichen Antrag stellen und eine Kopie des Ausweises und der Quittungen\/Belege beif\u00fcgen, die die irrt\u00fcmliche Gutschrift best\u00e4tigen. Dieser Antrag ist an die E-Mail-Adresse des Verk\u00e4ufers zu senden: <a href=\"mailto:daniladaddydread@gmail.com\">daniladaddydread@gmail.com<\/a>. Nach Erhalt des Antrags, dem eine Kopie des Reisepasses und der Quittungen\/Belege beigef\u00fcgt ist, nimmt der Verk\u00e4ufer die Erstattung innerhalb von 7 (sieben) Werktagen nach Erhalt des Antrags auf das im Antrag angegebene Girokonto des K\u00e4ufers vor. In diesem Fall entspricht der Erstattungsbetrag den Kosten der Bestellung.<\/p>\n<p>Wenn Sie Fragen zur R\u00fcckgabe haben, k\u00f6nnen Sie einen Antrag in freier Form an unsere E-Mail (<a href=\"mailto:daniladaddydread@gmail.com\">daniladaddydread@gmail.com<\/a>) senden oder sich an einen anderen f\u00fcr Sie bequemen Weg wenden, der auf unserer Website angeboten wird.[\/vc_column_text][\/vc_column][\/vc_row]<\/p>\n<\/div>","protected":false},"excerpt":{"rendered":"<p>[vc_row][vc_column width=&#8220;1\/2&#8243;][\/vc_column][vc_column width=&#8220;1\/4&#8243;][\/vc_column][vc_column width=&#8220;1\/4&#8243;][\/vc_column][\/vc_row][vc_row][vc_column][vc_column_text] R\u00fcckgabe von Produkten Sehr geehrte Kunden, wir freuen uns, Ihnen Hilfe bei der L\u00f6sung von Problemen<\/p>\n","protected":false},"author":1,"featured_media":0,"parent":0,"menu_order":0,"comment_status":"closed","ping_status":"closed","template":"","meta":{"_acf_changed":false,"footnotes":""},"class_list":["post-28141","page","type-page","status-publish","hentry"],"acf":[],"yoast_head":"<!-- This site is optimized with the Yoast SEO plugin v22.3 - https:\/\/yoast.com\/wordpress\/plugins\/seo\/ -->\n<title>VERSAND \/ R\u00dcCKVERSAND - Daddy Dreads Shop<\/title>\n<meta name=\"description\" content=\"Synthetische Dreads kaufen, Dreadlocks f\u00fcr M\u00e4nner und Frauen. Lange und kurze haare Dreadlocks Extensions.\" \/>\n<meta name=\"robots\" content=\"index, follow, max-snippet:-1, max-image-preview:large, max-video-preview:-1\" \/>\n<link rel=\"canonical\" href=\"https:\/\/daddydread.com\/de\/versand-rueckversand\/\" \/>\n<meta property=\"og:locale\" content=\"de_DE\" \/>\n<meta property=\"og:type\" content=\"article\" \/>\n<meta property=\"og:title\" content=\"VERSAND \/ R\u00dcCKVERSAND - Daddy Dreads Shop\" \/>\n<meta property=\"og:description\" content=\"Synthetische Dreads kaufen, Dreadlocks f\u00fcr M\u00e4nner und Frauen. Lange und kurze haare Dreadlocks Extensions.\" \/>\n<meta property=\"og:url\" content=\"https:\/\/daddydread.com\/de\/versand-rueckversand\/\" \/>\n<meta property=\"og:site_name\" content=\"Daddy Dreads\" \/>\n<meta property=\"article:modified_time\" content=\"2025-12-28T15:57:47+00:00\" \/>\n<meta name=\"twitter:card\" content=\"summary_large_image\" \/>\n<meta name=\"twitter:label1\" content=\"Gesch\u00e4tzte Lesezeit\" \/>\n\t<meta name=\"twitter:data1\" content=\"4\u00a0Minuten\" \/>\n<script type=\"application\/ld+json\" class=\"yoast-schema-graph\">{\"@context\":\"https:\/\/schema.org\",\"@graph\":[{\"@type\":\"WebPage\",\"@id\":\"https:\/\/daddydread.com\/de\/versand-rueckversand\/\",\"url\":\"https:\/\/daddydread.com\/de\/versand-rueckversand\/\",\"name\":\"VERSAND \/ R\u00dcCKVERSAND - Daddy Dreads Shop\",\"isPartOf\":{\"@id\":\"https:\/\/daddydread.com\/de\/#website\"},\"datePublished\":\"2022-09-04T20:14:49+00:00\",\"dateModified\":\"2025-12-28T15:57:47+00:00\",\"description\":\"Synthetische Dreads kaufen, Dreadlocks f\u00fcr M\u00e4nner und Frauen. Lange und kurze haare Dreadlocks Extensions.\",\"breadcrumb\":{\"@id\":\"https:\/\/daddydread.com\/de\/versand-rueckversand\/#breadcrumb\"},\"inLanguage\":\"de\",\"potentialAction\":[{\"@type\":\"ReadAction\",\"target\":[\"https:\/\/daddydread.com\/de\/versand-rueckversand\/\"]}]},{\"@type\":\"BreadcrumbList\",\"@id\":\"https:\/\/daddydread.com\/de\/versand-rueckversand\/#breadcrumb\",\"itemListElement\":[{\"@type\":\"ListItem\",\"position\":1,\"name\":\"\u0413\u043b\u0430\u0432\u043d\u0430\u044f \u0441\u0442\u0440\u0430\u043d\u0438\u0446\u0430\",\"item\":\"https:\/\/daddydread.com\/de\/\"},{\"@type\":\"ListItem\",\"position\":2,\"name\":\"VERSAND \/ R\u00dcCKVERSAND\"}]},{\"@type\":\"WebSite\",\"@id\":\"https:\/\/daddydread.com\/de\/#website\",\"url\":\"https:\/\/daddydread.com\/de\/\",\"name\":\"Daddy Dreads\",\"description\":\"Dreadlocks shop\",\"potentialAction\":[{\"@type\":\"SearchAction\",\"target\":{\"@type\":\"EntryPoint\",\"urlTemplate\":\"https:\/\/daddydread.com\/de\/?s={search_term_string}\"},\"query-input\":\"required name=search_term_string\"}],\"inLanguage\":\"de\"}]}<\/script>\n<!-- \/ Yoast SEO plugin. -->","yoast_head_json":{"title":"VERSAND \/ R\u00dcCKVERSAND - Daddy Dreads Shop","description":"Synthetische Dreads kaufen, Dreadlocks f\u00fcr M\u00e4nner und Frauen. Lange und kurze haare Dreadlocks Extensions.","robots":{"index":"index","follow":"follow","max-snippet":"max-snippet:-1","max-image-preview":"max-image-preview:large","max-video-preview":"max-video-preview:-1"},"canonical":"https:\/\/daddydread.com\/de\/versand-rueckversand\/","og_locale":"de_DE","og_type":"article","og_title":"VERSAND \/ R\u00dcCKVERSAND - Daddy Dreads Shop","og_description":"Synthetische Dreads kaufen, Dreadlocks f\u00fcr M\u00e4nner und Frauen. Lange und kurze haare Dreadlocks Extensions.","og_url":"https:\/\/daddydread.com\/de\/versand-rueckversand\/","og_site_name":"Daddy Dreads","article_modified_time":"2025-12-28T15:57:47+00:00","twitter_card":"summary_large_image","twitter_misc":{"Gesch\u00e4tzte Lesezeit":"4\u00a0Minuten"},"schema":{"@context":"https:\/\/schema.org","@graph":[{"@type":"WebPage","@id":"https:\/\/daddydread.com\/de\/versand-rueckversand\/","url":"https:\/\/daddydread.com\/de\/versand-rueckversand\/","name":"VERSAND \/ R\u00dcCKVERSAND - Daddy Dreads Shop","isPartOf":{"@id":"https:\/\/daddydread.com\/de\/#website"},"datePublished":"2022-09-04T20:14:49+00:00","dateModified":"2025-12-28T15:57:47+00:00","description":"Synthetische Dreads kaufen, Dreadlocks f\u00fcr M\u00e4nner und Frauen. Lange und kurze haare Dreadlocks Extensions.","breadcrumb":{"@id":"https:\/\/daddydread.com\/de\/versand-rueckversand\/#breadcrumb"},"inLanguage":"de","potentialAction":[{"@type":"ReadAction","target":["https:\/\/daddydread.com\/de\/versand-rueckversand\/"]}]},{"@type":"BreadcrumbList","@id":"https:\/\/daddydread.com\/de\/versand-rueckversand\/#breadcrumb","itemListElement":[{"@type":"ListItem","position":1,"name":"\u0413\u043b\u0430\u0432\u043d\u0430\u044f \u0441\u0442\u0440\u0430\u043d\u0438\u0446\u0430","item":"https:\/\/daddydread.com\/de\/"},{"@type":"ListItem","position":2,"name":"VERSAND \/ R\u00dcCKVERSAND"}]},{"@type":"WebSite","@id":"https:\/\/daddydread.com\/de\/#website","url":"https:\/\/daddydread.com\/de\/","name":"Daddy Dreads","description":"Dreadlocks shop","potentialAction":[{"@type":"SearchAction","target":{"@type":"EntryPoint","urlTemplate":"https:\/\/daddydread.com\/de\/?s={search_term_string}"},"query-input":"required name=search_term_string"}],"inLanguage":"de"}]}},"jetpack_sharing_enabled":true,"_links":{"self":[{"href":"https:\/\/daddydread.com\/de\/wp-json\/wp\/v2\/pages\/28141","targetHints":{"allow":["GET"]}}],"collection":[{"href":"https:\/\/daddydread.com\/de\/wp-json\/wp\/v2\/pages"}],"about":[{"href":"https:\/\/daddydread.com\/de\/wp-json\/wp\/v2\/types\/page"}],"author":[{"embeddable":true,"href":"https:\/\/daddydread.com\/de\/wp-json\/wp\/v2\/users\/1"}],"replies":[{"embeddable":true,"href":"https:\/\/daddydread.com\/de\/wp-json\/wp\/v2\/comments?post=28141"}],"version-history":[{"count":0,"href":"https:\/\/daddydread.com\/de\/wp-json\/wp\/v2\/pages\/28141\/revisions"}],"wp:attachment":[{"href":"https:\/\/daddydread.com\/de\/wp-json\/wp\/v2\/media?parent=28141"}],"curies":[{"name":"wp","href":"https:\/\/api.w.org\/{rel}","templated":true}]}}